{"id":35352,"date":"2023-07-25T11:32:27","date_gmt":"2023-07-25T09:32:27","guid":{"rendered":"https:\/\/canplast.ch\/legal-mentions\/"},"modified":"2023-07-25T12:16:16","modified_gmt":"2023-07-25T10:16:16","slug":"informazioni-legali","status":"publish","type":"page","link":"https:\/\/canplast.ch\/it\/informazioni-legali\/","title":{"rendered":"Informazioni legali"},"content":{"rendered":"<h2>Informazioni generali<\/h2>\n<p>Questo documento costituisce l&#8217;avviso legale che regola l&#8217;uso del sito web https:\/\/canplast.ch (di seguito denominato &#8220;il Sito&#8221;). Leggere attentamente queste note legali prima di navigare o utilizzare il Sito. Accedendo o utilizzando il Sito, si accettano le presenti note legali. Se non si accettano tali termini, si prega di smettere di utilizzare il Sito immediatamente.<\/p>\n<h2>Proprietario del Sito<\/h2>\n<p>Il Sito \u00e8 di propriet\u00e0 e gestito da Canplast (di seguito denominato &#8220;il Proprietario&#8221;). I dettagli di contatto del Proprietario sono i seguenti:<\/p>\nCanplast\nZI Mont-de-Faux Route de Sullens 2 b, 1029 Villars-Sainte-Croix, Svizzera\nsuisseromande@canplast.ch\n<h2>Hosting<\/h2>\n<p>Il Sito \u00e8 ospitato da Infomaniak (di seguito denominato &#8220;l&#8217;Host&#8221;). I dettagli di contatto dell&#8217;Host sono i seguenti:<\/p>\nInfomaniak\n<h2>Contenuto del Sito<\/h2>\n<p>Tutti i marchi, fotografie, testi, commenti, illustrazioni, immagini animate o non animate, sequenze video, suoni, nonch\u00e9 tutte le applicazioni informatiche che possono essere utilizzate per il funzionamento di questo sito e, pi\u00f9 in generale, tutti gli elementi riprodotti o utilizzati sul sito sono protetti dalle leggi vigenti in materia di propriet\u00e0 intellettuale.<\/p>\n<p>Sono di propriet\u00e0 esclusiva del editore o dei suoi partner. \u00c8 severamente vietata qualsiasi riproduzione, presentazione, utilizzo o adattamento, in qualsiasi forma, di tutto o parte di questi elementi, comprese le applicazioni informatiche, senza il previo consenso scritto dell&#8217;editore. Il fatto che l&#8217;editore non avvii procedimenti legali dopo essere venuto a conoscenza di tali utilizzi non costituisce accettazione di tali utilizzi e non rinuncia al diritto di intraprendere azioni legali.<\/p>\n<p>L&#8217;intero contenuto di questo sito non pu\u00f2 essere utilizzato e\/o riprodotto in alcuna forma o mezzo senza il previo consenso scritto. I loghi e i marchi presenti su questo sito sono protetti e non possono essere riprodotti o utilizzati senza autorizzazione.<\/p>\n<p>La creazione di collegamenti ipertestuali verso questo sito pu\u00f2 essere effettuata solo con il preventivo consenso scritto dell&#8217;Editore, che declina ogni responsabilit\u00e0 per il contenuto di qualsiasi sito collegato a questo sito, indipendentemente dalla sua natura.<\/p>\n<h2>Dati personali<\/h2>\n<p>Hai il diritto di accedere, rettificare ed eliminare i dati relativi alle informazioni su di te. Puoi esercitare questo diritto inviandoci una lettera all&#8217;indirizzo seguente: suisseromande@canplast.ch.<\/p>\n<h2>Propriet\u00e0 intellettuale<\/h2>\n<p>Tutto il contenuto di questo sito \u00e8 di propriet\u00e0 dell&#8217;Editore e non pu\u00f2 essere utilizzato e\/o riprodotto in alcuna forma o mezzo senza il previo consenso scritto. I loghi e i marchi presenti su questo sito sono protetti e non possono essere riprodotti o utilizzati senza autorizzazione.<\/p>\n<p>La creazione di collegamenti ipertestuali verso questo sito pu\u00f2 essere effettuata solo con il preventivo consenso scritto dell&#8217;Editore, che declina ogni responsabilit\u00e0 per il contenuto di qualsiasi sito collegato a questo sito, indipendentemente dalla sua natura.<\/p>\n<h2>Cookies<\/h2>\n<p>L&#8217;Editore si riserva il diritto di inviare cookie al computer dell&#8217;utente al momento della connessione. Questi cookie sono file che consentono la registrazione di informazioni relative alla navigazione del computer sul sito. Il visitatore pu\u00f2 opporsi alla memorizzazione dei cookie configurando adeguatamente il proprio computer.<\/p>\n<h2>Responsabilit\u00e0<\/h2>\nCanplast declina ogni responsabilit\u00e0 per l&#8217;uso che pu\u00f2 essere fatto delle informazioni diffuse sul suo sito. Il contenuto del sito pu\u00f2 contenere imprecisioni tecniche, errori tipografici o omissioni. Questo contenuto pu\u00f2 essere modificato o aggiornato senza preavviso. I collegamenti ipertestuali potenziali sul sito che indirizzano gli utenti ad altri siti web non impegnano la responsabilit\u00e0 del Proprietario riguardo al contenuto di altri siti. Canplast non sar\u00e0 responsabile per eventuali danni diretti o indiretti derivanti dalla diffusione di un virus da parte di terzi attraverso il nostro sito, che potrebbe infettare il sistema informatico o la configurazione del computer dell&#8217;utente a seguito della connessione, dell&#8217;utilizzo, della navigazione o del download da questo sito.<\/p>\n<p>L&#8217;editore non sar\u00e0 ritenuto responsabile in caso di mancato, guasto, difficolt\u00e0 o interruzione del funzionamento, che impedisca l&#8217;accesso al sito o a qualsiasi delle sue funzionalit\u00e0.<\/p>\n<p>L&#8217;attrezzatura utilizzata per connettersi al sito \u00e8 di tua responsabilit\u00e0. Devi adottare tutte le misure adeguate per proteggere la tua attrezzatura e i tuoi dati, in particolare dagli attacchi virali su Internet. Inoltre, sei il solo responsabile dei siti web e dei dati a cui accedi.<\/p>\n<p>L&#8217;editore non potr\u00e0 essere ritenuto responsabile in caso di azione legale intrapresa nei tuoi confronti:<\/p>\n<ul>\n<li>a causa dell&#8217;uso del sito o di qualsiasi servizio accessibile tramite Internet<\/li>\n<li>a causa della tua non conformit\u00e0 a queste note legali<\/li>\n<\/ul>\n<p>L&#8217;editore non \u00e8 responsabile per eventuali danni causati a te, a terzi e\/o alla tua attrezzatura a seguito della tua connessione o dell&#8217;uso del sito e rinunci a qualsiasi pretesa nei confronti dell&#8217;editore in questo senso.<\/p>\n<p>Se l&#8217;editore diventa oggetto di una procedura amichevole o legale a causa del tuo utilizzo del sito, l&#8217;editore pu\u00f2 richiedere un risarcimento per eventuali danni, importi, condanne e spese che possono derivare da tale procedura.<\/p>\n<h2>Collegamenti esterni<\/h2>\n<p>Il Sito pu\u00f2 contenere collegamenti a siti web di terzi. Questi collegamenti sono forniti solo a scopo informativo. Il Proprietario non ha alcun controllo sul contenuto di questi siti e declina ogni responsabilit\u00e0 per il loro contenuto, accuratezza o legalit\u00e0. L&#8217;inclusione di collegamenti a siti di terzi non implica l&#8217;approvazione o l&#8217;associazione con tali siti.<\/p>\n<h2>Modifiche alle note legali<\/h2>\n<p>Il Proprietario si riserva il diritto di modificare queste note legali in qualsiasi momento, senza preavviso. Le modifiche diventeranno efficaci al momento della loro pubblicazione sul Sito. Spetta a te consultare regolarmente le note legali per rimanere informato di eventuali cambiamenti.<\/p>\n<h2>Legge applicabile e giurisdizione<\/h2>\n<p>Queste note legali sono regolate dalle leggi vigenti in Svizzera. Qualsiasi controversia derivante dall&#8217;uso del Sito sar\u00e0 sottoposta alla giurisdizione esclusiva dei tribunali competenti di Svizzera.<\/p>\n<p>Se hai domande riguardo a queste note legali, contattaci all&#8217;indirizzo e-mail seguente: suisseromande@canplast.ch.<\/p>\n<p>Ultimo aggiornamento: 25 July 2023.<\/p>\n","protected":false},"excerpt":{"rendered":"<p>Informazioni generali Questo documento costituisce l&#8217;avviso legale che regola l&#8217;uso del sito web (di seguito denominato &#8220;il Sito&#8221;). Leggere attentamente queste note legali prima di navigare o utilizzare il Sito. Accedendo o utilizzando il Sito, si accettano le presenti note legali. Se non si accettano tali termini, si prega di smettere di utilizzare il Sito<\/p>\n","protected":false},"author":1,"featured_media":0,"parent":0,"menu_order":0,"comment_status":"closed","ping_status":"closed","template":"","meta":{"_acf_changed":false,"footnotes":""},"acf":[],"yoast_head":"<!-- This site is optimized with the Yoast SEO plugin v22.4 - https:\/\/yoast.com\/wordpress\/plugins\/seo\/ -->\n<title>Informazioni legali - Canplast<\/title>\n<meta name=\"description\" content=\"Consultare gli avvisi legali di Canplast\" \/>\n<meta name=\"robots\" content=\"index, follow, max-snippet:-1, max-image-preview:large, max-video-preview:-1\" \/>\n<link rel=\"canonical\" href=\"https:\/\/canplast.ch\/it\/informazioni-legali\/\" \/>\n<meta property=\"og:locale\" content=\"it_IT\" \/>\n<meta property=\"og:type\" content=\"article\" \/>\n<meta property=\"og:title\" content=\"Informazioni legali - Canplast\" \/>\n<meta property=\"og:description\" content=\"Consultare gli avvisi legali di Canplast\" \/>\n<meta property=\"og:url\" content=\"https:\/\/canplast.ch\/it\/informazioni-legali\/\" \/>\n<meta property=\"og:site_name\" content=\"Canplast\" \/>\n<meta property=\"article:publisher\" content=\"https:\/\/www.facebook.com\/canplastsa\" \/>\n<meta property=\"article:modified_time\" content=\"2023-07-25T10:16:16+00:00\" \/>\n<meta property=\"og:image\" content=\"https:\/\/canplast.ch\/wp-content\/uploads\/2017\/11\/Galerie-87-30092015-DSC_8744.jpg\" \/>\n\t<meta property=\"og:image:width\" content=\"1198\" \/>\n\t<meta property=\"og:image:height\" content=\"800\" \/>\n\t<meta property=\"og:image:type\" content=\"image\/jpeg\" \/>\n<meta name=\"twitter:card\" content=\"summary_large_image\" \/>\n<meta name=\"twitter:site\" content=\"@canplastsa\" \/>\n<meta name=\"twitter:label1\" content=\"Est. reading time\" \/>\n\t<meta name=\"twitter:data1\" content=\"5 minutes\" \/>\n<script type=\"application\/ld+json\" class=\"yoast-schema-graph\">{\"@context\":\"https:\/\/schema.org\",\"@graph\":[{\"@type\":\"WebPage\",\"@id\":\"https:\/\/canplast.ch\/it\/informazioni-legali\/\",\"url\":\"https:\/\/canplast.ch\/it\/informazioni-legali\/\",\"name\":\"Informazioni legali - Canplast\",\"isPartOf\":{\"@id\":\"https:\/\/canplast.ch\/it\/#website\"},\"datePublished\":\"2023-07-25T09:32:27+00:00\",\"dateModified\":\"2023-07-25T10:16:16+00:00\",\"description\":\"Consultare gli avvisi legali di Canplast\",\"breadcrumb\":{\"@id\":\"https:\/\/canplast.ch\/it\/informazioni-legali\/#breadcrumb\"},\"inLanguage\":\"it-IT\",\"potentialAction\":[{\"@type\":\"ReadAction\",\"target\":[\"https:\/\/canplast.ch\/it\/informazioni-legali\/\"]}]},{\"@type\":\"BreadcrumbList\",\"@id\":\"https:\/\/canplast.ch\/it\/informazioni-legali\/#breadcrumb\",\"itemListElement\":[{\"@type\":\"ListItem\",\"position\":1,\"name\":\"Accueil\",\"item\":\"https:\/\/canplast.ch\/it\/\"},{\"@type\":\"ListItem\",\"position\":2,\"name\":\"Informazioni legali\"}]},{\"@type\":\"WebSite\",\"@id\":\"https:\/\/canplast.ch\/it\/#website\",\"url\":\"https:\/\/canplast.ch\/it\/\",\"name\":\"Canplast\",\"description\":\"\",\"publisher\":{\"@id\":\"https:\/\/canplast.ch\/it\/#organization\"},\"potentialAction\":[{\"@type\":\"SearchAction\",\"target\":{\"@type\":\"EntryPoint\",\"urlTemplate\":\"https:\/\/canplast.ch\/it\/?s={search_term_string}\"},\"query-input\":\"required name=search_term_string\"}],\"inLanguage\":\"it-IT\"},{\"@type\":\"Organization\",\"@id\":\"https:\/\/canplast.ch\/it\/#organization\",\"name\":\"Canplast SA\",\"url\":\"https:\/\/canplast.ch\/it\/\",\"logo\":{\"@type\":\"ImageObject\",\"inLanguage\":\"it-IT\",\"@id\":\"https:\/\/canplast.ch\/it\/#\/schema\/logo\/image\/\",\"url\":\"https:\/\/canplast.ch\/wp-content\/uploads\/2018\/05\/canplast-logo.png\",\"contentUrl\":\"https:\/\/canplast.ch\/wp-content\/uploads\/2018\/05\/canplast-logo.png\",\"width\":390,\"height\":109,\"caption\":\"Canplast SA\"},\"image\":{\"@id\":\"https:\/\/canplast.ch\/it\/#\/schema\/logo\/image\/\"},\"sameAs\":[\"https:\/\/www.facebook.com\/canplastsa\",\"https:\/\/twitter.com\/canplastsa\",\"https:\/\/www.linkedin.com\/company\/canplast-sa\/\",\"https:\/\/www.youtube.com\/channel\/UCwP02tb_1k45IQ0hBj-jdOg\/feed\"]}]}<\/script>\n<!-- \/ Yoast SEO plugin. -->","yoast_head_json":{"title":"Informazioni legali - Canplast","description":"Consultare gli avvisi legali di Canplast","robots":{"index":"index","follow":"follow","max-snippet":"max-snippet:-1","max-image-preview":"max-image-preview:large","max-video-preview":"max-video-preview:-1"},"canonical":"https:\/\/canplast.ch\/it\/informazioni-legali\/","og_locale":"it_IT","og_type":"article","og_title":"Informazioni legali - Canplast","og_description":"Consultare gli avvisi legali di Canplast","og_url":"https:\/\/canplast.ch\/it\/informazioni-legali\/","og_site_name":"Canplast","article_publisher":"https:\/\/www.facebook.com\/canplastsa","article_modified_time":"2023-07-25T10:16:16+00:00","og_image":[{"width":1198,"height":800,"url":"https:\/\/canplast.ch\/wp-content\/uploads\/2017\/11\/Galerie-87-30092015-DSC_8744.jpg","type":"image\/jpeg"}],"twitter_card":"summary_large_image","twitter_site":"@canplastsa","twitter_misc":{"Est. reading time":"5 minutes"},"schema":{"@context":"https:\/\/schema.org","@graph":[{"@type":"WebPage","@id":"https:\/\/canplast.ch\/it\/informazioni-legali\/","url":"https:\/\/canplast.ch\/it\/informazioni-legali\/","name":"Informazioni legali - Canplast","isPartOf":{"@id":"https:\/\/canplast.ch\/it\/#website"},"datePublished":"2023-07-25T09:32:27+00:00","dateModified":"2023-07-25T10:16:16+00:00","description":"Consultare gli avvisi legali di Canplast","breadcrumb":{"@id":"https:\/\/canplast.ch\/it\/informazioni-legali\/#breadcrumb"},"inLanguage":"it-IT","potentialAction":[{"@type":"ReadAction","target":["https:\/\/canplast.ch\/it\/informazioni-legali\/"]}]},{"@type":"BreadcrumbList","@id":"https:\/\/canplast.ch\/it\/informazioni-legali\/#breadcrumb","itemListElement":[{"@type":"ListItem","position":1,"name":"Accueil","item":"https:\/\/canplast.ch\/it\/"},{"@type":"ListItem","position":2,"name":"Informazioni legali"}]},{"@type":"WebSite","@id":"https:\/\/canplast.ch\/it\/#website","url":"https:\/\/canplast.ch\/it\/","name":"Canplast","description":"","publisher":{"@id":"https:\/\/canplast.ch\/it\/#organization"},"potentialAction":[{"@type":"SearchAction","target":{"@type":"EntryPoint","urlTemplate":"https:\/\/canplast.ch\/it\/?s={search_term_string}"},"query-input":"required name=search_term_string"}],"inLanguage":"it-IT"},{"@type":"Organization","@id":"https:\/\/canplast.ch\/it\/#organization","name":"Canplast SA","url":"https:\/\/canplast.ch\/it\/","logo":{"@type":"ImageObject","inLanguage":"it-IT","@id":"https:\/\/canplast.ch\/it\/#\/schema\/logo\/image\/","url":"https:\/\/canplast.ch\/wp-content\/uploads\/2018\/05\/canplast-logo.png","contentUrl":"https:\/\/canplast.ch\/wp-content\/uploads\/2018\/05\/canplast-logo.png","width":390,"height":109,"caption":"Canplast SA"},"image":{"@id":"https:\/\/canplast.ch\/it\/#\/schema\/logo\/image\/"},"sameAs":["https:\/\/www.facebook.com\/canplastsa","https:\/\/twitter.com\/canplastsa","https:\/\/www.linkedin.com\/company\/canplast-sa\/","https:\/\/www.youtube.com\/channel\/UCwP02tb_1k45IQ0hBj-jdOg\/feed"]}]}},"_links":{"self":[{"href":"https:\/\/canplast.ch\/it\/wp-json\/wp\/v2\/pages\/35352"}],"collection":[{"href":"https:\/\/canplast.ch\/it\/wp-json\/wp\/v2\/pages"}],"about":[{"href":"https:\/\/canplast.ch\/it\/wp-json\/wp\/v2\/types\/page"}],"author":[{"embeddable":true,"href":"https:\/\/canplast.ch\/it\/wp-json\/wp\/v2\/users\/1"}],"replies":[{"embeddable":true,"href":"https:\/\/canplast.ch\/it\/wp-json\/wp\/v2\/comments?post=35352"}],"version-history":[{"count":3,"href":"https:\/\/canplast.ch\/it\/wp-json\/wp\/v2\/pages\/35352\/revisions"}],"predecessor-version":[{"id":35369,"href":"https:\/\/canplast.ch\/it\/wp-json\/wp\/v2\/pages\/35352\/revisions\/35369"}],"wp:attachment":[{"href":"https:\/\/canplast.ch\/it\/wp-json\/wp\/v2\/media?parent=35352"}],"curies":[{"name":"wp","href":"https:\/\/api.w.org\/{rel}","templated":true}]}}