{"id":21367,"date":"2018-07-17T13:33:39","date_gmt":"2018-07-17T11:33:39","guid":{"rendered":"http:\/\/canplast.ch\/?page_id=21367"},"modified":"2022-10-25T09:14:26","modified_gmt":"2022-10-25T07:14:26","slug":"condizioni-generali-di-consegna","status":"publish","type":"page","link":"https:\/\/canplast.ch\/it\/nostra-azienda\/canplast\/condizioni-generali-di-consegna\/","title":{"rendered":"Condizioni generali di consegna"},"content":{"rendered":"<h1 align=\"justify\">Conditions de vente et de livraison<\/h1>\n<div align=\"justify\"><\/div>\n<div align=\"justify\"><\/div>\n<div align=\"justify\"><b>1. Demandes d&#8217;offre et commandes par internet<\/b><\/div>\n<p>Toute commande implique l&#8217;adh\u00e9sion sans r\u00e9serve de l&#8217;acheteur aux pr\u00e9sentes conditions. Ces conditions ne peuvent \u00eatre modifi\u00e9es par des stipulations contraires pouvant figurer sur le bon de commande de l&#8217;acheteur, dans ses conditions g\u00e9n\u00e9rales d&#8217;achat ou d&#8217;une fa\u00e7on g\u00e9n\u00e9rale sur ses documents commerciaux, sauf accord express de notre part.<\/p>\n<p><b>2. Prix\u00a0<\/b><br \/>\nNos prix et nos rabais ne s&#8217;appliquent que pour l&#8217;affaire directement concern\u00e9e, et ne peuvent \u00eatre interpr\u00e9t\u00e9s pour d&#8217;autres affaires. De plus, ils ne sont valables que le jour de l&#8217;offre et sont susceptibles d&#8217;\u00eatre revus sans pr\u00e9avis. En particulier, toute modification des conditions ind\u00e9pendantes de notre volont\u00e9, comme en particulier les conditions de transport, de douane, du r\u00e9gime fiscal, des charges l\u00e9gales ou du cours des monnaies peuvent entra\u00eener une modification des conditions de vente (livraison, d\u00e9lai ou prix).<\/p>\n<p><b>3. Livraison<\/b><br \/>\nLe client garde l&#8217;enti\u00e8re responsabilit\u00e9 d&#8217;une r\u00e9ception conforme des marchandises sur le lieu de livraison.<br \/>\nSi le contenu livr\u00e9 ne correspond pas \u00e0 la commande, il lui appartient de d\u00e9clarer imm\u00e9diatement toutes ses r\u00e9serves au transporteur.<br \/>\nNos conditions de livraison ne s&#8217;appliquent que sur le territoire suisse. Toute livraison hors des fronti\u00e8res fera l&#8217;objet de conditions de livraison particuli\u00e8res.<\/p>\n<div align=\"justify\"><b>3a. RPLP (Redevance Poids Lourds li\u00e9e aux Prestations)<\/b><br \/>\n2,2% sur le montant net de la facture.<b><br \/>\n3b. Livraisons en plaine d&#8217;une valeur sup\u00e9rieure \u00e0 Frs. 4&#8217;000.-net<\/b><br \/>\nFranco, dans toute la Suisse, sur route carrossable par semi-remorque, d\u00e9chargement non compris.<b><br \/>\n3c. Livraisons en plaine d&#8217;une valeur inf\u00e9rieure \u00e0 Frs. 4&#8217;000.-net<\/b><br \/>\nD\u00e9part usine ou facturation des frais de transport effectifs (tarif ASTAG GU 2005 moins 20%), mais au minimum Frs. 120.&#8211;<b><br \/>\n3d. Livraisons avec d\u00e9chargement grue<\/b><br \/>\nFrs. 60.&#8211; par place de d\u00e9chargement.<b><br \/>\n3e. Transports sp\u00e9ciaux<\/b><br \/>\nLes frais suppl\u00e9mentaires pour livraisons en r\u00e9gion de montagne, transports sp\u00e9ciaux avec permission ou accompagnement de police, colis l\u00e9gers volumineux, d\u00e9tours etc. sont factur\u00e9s s\u00e9parement.<b><br \/>\n3f. Transports par cargo<\/b><br \/>\nFacturation des frais de transport effectifs, plus Frs. 30.&#8211; de frais de manutention et emballage pour commandes en-dessous de Frs. 1&#8217;000.&#8211; net<br \/>\n<b>3g. Envois par poste<\/b><br \/>\nFacturation des frais de transport effectifs, plus Frs. 30.&#8211; de frais de manutention et emballage pour commandes en-dessous de Frs. 1&#8217;000.&#8211; net<b>4. Retours<\/b><br \/>\nLe mat\u00e9riel rendu franco propre et en bon \u00e9tat sera cr\u00e9dit\u00e9 avec une d\u00e9duction d&#8217;au moins 20 %. Les fabrications sp\u00e9ciales ou le mat\u00e9riel vieilli ne peuvent pas \u00eatre repris. Aucun mat\u00e9riel ne peut \u00eatre repris sans accord pr\u00e9alable.<b>5. R\u00e9clamations<\/b><br \/>\nPour \u00eatre prise en consid\u00e9ration toute r\u00e9clamation concernant nos marchandises doit nous \u00eatre adress\u00e9e dans les dix jours qui suivent la r\u00e9ception de la marchandise. Toute r\u00e9clamation portant sur une marchandise utilis\u00e9e, transform\u00e9e ou d\u00e9truite ne sera pas recevable. Aucun retour ne sera admis sauf accord pr\u00e9alable de notre part. En tout \u00e9tat de cause notre garantie se limitera au seul remplacement des pi\u00e8ces reconnues d\u00e9fectueuses lors d&#8217;un examen contradictoire apr\u00e8s retour en nos d\u00e9p\u00f4ts. Les notices, croquis, plans, d\u00e9monstrations, assistance au d\u00e9marrage des chantiers et tous autres renseignements donn\u00e9s \u00e0 nos clients ont pour objet de les informer de la technique d&#8217;utilisation de nos mat\u00e9riaux, ils ne sauraient \u00eatre r\u00e9put\u00e9s concourir \u00e0 leur mise en \u0153uvre et n&#8217;engagent pas notre responsabilit\u00e9.<\/div>\n<div align=\"justify\">\n<p><strong>6. Prestations de services<\/strong><br \/>\nL&#8217;utilisation du mat\u00e9riel lou\u00e9 sera sous la seule responsabilit\u00e9 du locataire ou de ses pr\u00e9pos\u00e9s. Canplast SA ne saurait \u00eatre tenu pour responsable des d\u00e9sordres directs ou indirects caus\u00e9s par une mauvaise utilisation du mat\u00e9riel ou un quelconque manquement aux r\u00e8gles de l&#8217;art. En cas de doute sur l&#8217;utilisation du mat\u00e9riel, le locataire prendra contact avec notre\u00a0service technique.<\/p>\n<\/div>\n","protected":false},"excerpt":{"rendered":"<p>Conditions de vente et de livraison 1. Demandes d&#8217;offre et commandes par internet Toute commande implique l&#8217;adh\u00e9sion sans r\u00e9serve de l&#8217;acheteur aux pr\u00e9sentes conditions. Ces conditions ne peuvent \u00eatre modifi\u00e9es par des stipulations contraires pouvant figurer sur le bon de commande de l&#8217;acheteur, dans ses conditions g\u00e9n\u00e9rales d&#8217;achat ou d&#8217;une fa\u00e7on g\u00e9n\u00e9rale sur ses documents<\/p>\n","protected":false},"author":1,"featured_media":0,"parent":8434,"menu_order":0,"comment_status":"closed","ping_status":"closed","template":"","meta":{"_acf_changed":false,"footnotes":""},"acf":[],"yoast_head":"<!-- This site is optimized with the Yoast SEO plugin v22.4 - https:\/\/yoast.com\/wordpress\/plugins\/seo\/ -->\n<title>Condizioni generali di consegna - Canplast - Gestione delle acque<\/title>\n<meta name=\"robots\" content=\"index, follow, max-snippet:-1, max-image-preview:large, max-video-preview:-1\" \/>\n<link rel=\"canonical\" href=\"https:\/\/canplast.ch\/it\/nostra-azienda\/canplast\/condizioni-generali-di-consegna\/\" \/>\n<meta property=\"og:locale\" content=\"it_IT\" \/>\n<meta property=\"og:type\" content=\"article\" \/>\n<meta property=\"og:title\" content=\"Condizioni generali di consegna - Canplast - Gestione delle acque\" \/>\n<meta property=\"og:description\" content=\"Conditions de vente et de livraison 1. Demandes d&#8217;offre et commandes par internet Toute commande implique l&#8217;adh\u00e9sion sans r\u00e9serve de l&#8217;acheteur aux pr\u00e9sentes conditions. Ces conditions ne peuvent \u00eatre modifi\u00e9es par des stipulations contraires pouvant figurer sur le bon de commande de l&#8217;acheteur, dans ses conditions g\u00e9n\u00e9rales d&#8217;achat ou d&#8217;une fa\u00e7on g\u00e9n\u00e9rale sur ses documents\" \/>\n<meta property=\"og:url\" content=\"https:\/\/canplast.ch\/it\/nostra-azienda\/canplast\/condizioni-generali-di-consegna\/\" \/>\n<meta property=\"og:site_name\" content=\"Canplast\" \/>\n<meta property=\"article:publisher\" content=\"https:\/\/www.facebook.com\/canplastsa\" \/>\n<meta property=\"article:modified_time\" content=\"2022-10-25T07:14:26+00:00\" \/>\n<meta property=\"og:image\" content=\"https:\/\/canplast.ch\/wp-content\/uploads\/2017\/11\/Galerie-87-30092015-DSC_8744.jpg\" \/>\n\t<meta property=\"og:image:width\" content=\"1198\" \/>\n\t<meta property=\"og:image:height\" content=\"800\" \/>\n\t<meta property=\"og:image:type\" content=\"image\/jpeg\" \/>\n<meta name=\"twitter:card\" content=\"summary_large_image\" \/>\n<meta name=\"twitter:site\" content=\"@canplastsa\" \/>\n<meta name=\"twitter:label1\" content=\"Est. reading time\" \/>\n\t<meta name=\"twitter:data1\" content=\"3 minutes\" \/>\n<script type=\"application\/ld+json\" class=\"yoast-schema-graph\">{\"@context\":\"https:\/\/schema.org\",\"@graph\":[{\"@type\":\"WebPage\",\"@id\":\"https:\/\/canplast.ch\/it\/nostra-azienda\/canplast\/condizioni-generali-di-consegna\/\",\"url\":\"https:\/\/canplast.ch\/it\/nostra-azienda\/canplast\/condizioni-generali-di-consegna\/\",\"name\":\"Condizioni generali di consegna - Canplast - Gestione delle acque\",\"isPartOf\":{\"@id\":\"https:\/\/canplast.ch\/it\/#website\"},\"datePublished\":\"2018-07-17T11:33:39+00:00\",\"dateModified\":\"2022-10-25T07:14:26+00:00\",\"breadcrumb\":{\"@id\":\"https:\/\/canplast.ch\/it\/nostra-azienda\/canplast\/condizioni-generali-di-consegna\/#breadcrumb\"},\"inLanguage\":\"it-IT\",\"potentialAction\":[{\"@type\":\"ReadAction\",\"target\":[\"https:\/\/canplast.ch\/it\/nostra-azienda\/canplast\/condizioni-generali-di-consegna\/\"]}]},{\"@type\":\"BreadcrumbList\",\"@id\":\"https:\/\/canplast.ch\/it\/nostra-azienda\/canplast\/condizioni-generali-di-consegna\/#breadcrumb\",\"itemListElement\":[{\"@type\":\"ListItem\",\"position\":1,\"name\":\"Accueil\",\"item\":\"https:\/\/canplast.ch\/it\/\"},{\"@type\":\"ListItem\",\"position\":2,\"name\":\"La nostra azienda\",\"item\":\"https:\/\/canplast.ch\/it\/nostra-azienda\/\"},{\"@type\":\"ListItem\",\"position\":3,\"name\":\"CANPLAST\",\"item\":\"https:\/\/canplast.ch\/it\/nostra-azienda\/canplast\/\"},{\"@type\":\"ListItem\",\"position\":4,\"name\":\"Condizioni generali di consegna\"}]},{\"@type\":\"WebSite\",\"@id\":\"https:\/\/canplast.ch\/it\/#website\",\"url\":\"https:\/\/canplast.ch\/it\/\",\"name\":\"Canplast\",\"description\":\"\",\"publisher\":{\"@id\":\"https:\/\/canplast.ch\/it\/#organization\"},\"potentialAction\":[{\"@type\":\"SearchAction\",\"target\":{\"@type\":\"EntryPoint\",\"urlTemplate\":\"https:\/\/canplast.ch\/it\/?s={search_term_string}\"},\"query-input\":\"required name=search_term_string\"}],\"inLanguage\":\"it-IT\"},{\"@type\":\"Organization\",\"@id\":\"https:\/\/canplast.ch\/it\/#organization\",\"name\":\"Canplast SA\",\"url\":\"https:\/\/canplast.ch\/it\/\",\"logo\":{\"@type\":\"ImageObject\",\"inLanguage\":\"it-IT\",\"@id\":\"https:\/\/canplast.ch\/it\/#\/schema\/logo\/image\/\",\"url\":\"https:\/\/canplast.ch\/wp-content\/uploads\/2018\/05\/canplast-logo.png\",\"contentUrl\":\"https:\/\/canplast.ch\/wp-content\/uploads\/2018\/05\/canplast-logo.png\",\"width\":390,\"height\":109,\"caption\":\"Canplast SA\"},\"image\":{\"@id\":\"https:\/\/canplast.ch\/it\/#\/schema\/logo\/image\/\"},\"sameAs\":[\"https:\/\/www.facebook.com\/canplastsa\",\"https:\/\/twitter.com\/canplastsa\",\"https:\/\/www.linkedin.com\/company\/canplast-sa\/\",\"https:\/\/www.youtube.com\/channel\/UCwP02tb_1k45IQ0hBj-jdOg\/feed\"]}]}<\/script>\n<!-- \/ Yoast SEO plugin. -->","yoast_head_json":{"title":"Condizioni generali di consegna - Canplast - Gestione delle acque","robots":{"index":"index","follow":"follow","max-snippet":"max-snippet:-1","max-image-preview":"max-image-preview:large","max-video-preview":"max-video-preview:-1"},"canonical":"https:\/\/canplast.ch\/it\/nostra-azienda\/canplast\/condizioni-generali-di-consegna\/","og_locale":"it_IT","og_type":"article","og_title":"Condizioni generali di consegna - Canplast - Gestione delle acque","og_description":"Conditions de vente et de livraison 1. Demandes d&#8217;offre et commandes par internet Toute commande implique l&#8217;adh\u00e9sion sans r\u00e9serve de l&#8217;acheteur aux pr\u00e9sentes conditions. Ces conditions ne peuvent \u00eatre modifi\u00e9es par des stipulations contraires pouvant figurer sur le bon de commande de l&#8217;acheteur, dans ses conditions g\u00e9n\u00e9rales d&#8217;achat ou d&#8217;une fa\u00e7on g\u00e9n\u00e9rale sur ses documents","og_url":"https:\/\/canplast.ch\/it\/nostra-azienda\/canplast\/condizioni-generali-di-consegna\/","og_site_name":"Canplast","article_publisher":"https:\/\/www.facebook.com\/canplastsa","article_modified_time":"2022-10-25T07:14:26+00:00","og_image":[{"width":1198,"height":800,"url":"https:\/\/canplast.ch\/wp-content\/uploads\/2017\/11\/Galerie-87-30092015-DSC_8744.jpg","type":"image\/jpeg"}],"twitter_card":"summary_large_image","twitter_site":"@canplastsa","twitter_misc":{"Est. reading time":"3 minutes"},"schema":{"@context":"https:\/\/schema.org","@graph":[{"@type":"WebPage","@id":"https:\/\/canplast.ch\/it\/nostra-azienda\/canplast\/condizioni-generali-di-consegna\/","url":"https:\/\/canplast.ch\/it\/nostra-azienda\/canplast\/condizioni-generali-di-consegna\/","name":"Condizioni generali di consegna - Canplast - Gestione delle acque","isPartOf":{"@id":"https:\/\/canplast.ch\/it\/#website"},"datePublished":"2018-07-17T11:33:39+00:00","dateModified":"2022-10-25T07:14:26+00:00","breadcrumb":{"@id":"https:\/\/canplast.ch\/it\/nostra-azienda\/canplast\/condizioni-generali-di-consegna\/#breadcrumb"},"inLanguage":"it-IT","potentialAction":[{"@type":"ReadAction","target":["https:\/\/canplast.ch\/it\/nostra-azienda\/canplast\/condizioni-generali-di-consegna\/"]}]},{"@type":"BreadcrumbList","@id":"https:\/\/canplast.ch\/it\/nostra-azienda\/canplast\/condizioni-generali-di-consegna\/#breadcrumb","itemListElement":[{"@type":"ListItem","position":1,"name":"Accueil","item":"https:\/\/canplast.ch\/it\/"},{"@type":"ListItem","position":2,"name":"La nostra azienda","item":"https:\/\/canplast.ch\/it\/nostra-azienda\/"},{"@type":"ListItem","position":3,"name":"CANPLAST","item":"https:\/\/canplast.ch\/it\/nostra-azienda\/canplast\/"},{"@type":"ListItem","position":4,"name":"Condizioni generali di consegna"}]},{"@type":"WebSite","@id":"https:\/\/canplast.ch\/it\/#website","url":"https:\/\/canplast.ch\/it\/","name":"Canplast","description":"","publisher":{"@id":"https:\/\/canplast.ch\/it\/#organization"},"potentialAction":[{"@type":"SearchAction","target":{"@type":"EntryPoint","urlTemplate":"https:\/\/canplast.ch\/it\/?s={search_term_string}"},"query-input":"required name=search_term_string"}],"inLanguage":"it-IT"},{"@type":"Organization","@id":"https:\/\/canplast.ch\/it\/#organization","name":"Canplast SA","url":"https:\/\/canplast.ch\/it\/","logo":{"@type":"ImageObject","inLanguage":"it-IT","@id":"https:\/\/canplast.ch\/it\/#\/schema\/logo\/image\/","url":"https:\/\/canplast.ch\/wp-content\/uploads\/2018\/05\/canplast-logo.png","contentUrl":"https:\/\/canplast.ch\/wp-content\/uploads\/2018\/05\/canplast-logo.png","width":390,"height":109,"caption":"Canplast SA"},"image":{"@id":"https:\/\/canplast.ch\/it\/#\/schema\/logo\/image\/"},"sameAs":["https:\/\/www.facebook.com\/canplastsa","https:\/\/twitter.com\/canplastsa","https:\/\/www.linkedin.com\/company\/canplast-sa\/","https:\/\/www.youtube.com\/channel\/UCwP02tb_1k45IQ0hBj-jdOg\/feed"]}]}},"_links":{"self":[{"href":"https:\/\/canplast.ch\/it\/wp-json\/wp\/v2\/pages\/21367"}],"collection":[{"href":"https:\/\/canplast.ch\/it\/wp-json\/wp\/v2\/pages"}],"about":[{"href":"https:\/\/canplast.ch\/it\/wp-json\/wp\/v2\/types\/page"}],"author":[{"embeddable":true,"href":"https:\/\/canplast.ch\/it\/wp-json\/wp\/v2\/users\/1"}],"replies":[{"embeddable":true,"href":"https:\/\/canplast.ch\/it\/wp-json\/wp\/v2\/comments?post=21367"}],"version-history":[{"count":8,"href":"https:\/\/canplast.ch\/it\/wp-json\/wp\/v2\/pages\/21367\/revisions"}],"predecessor-version":[{"id":34618,"href":"https:\/\/canplast.ch\/it\/wp-json\/wp\/v2\/pages\/21367\/revisions\/34618"}],"up":[{"embeddable":true,"href":"https:\/\/canplast.ch\/it\/wp-json\/wp\/v2\/pages\/8434"}],"wp:attachment":[{"href":"https:\/\/canplast.ch\/it\/wp-json\/wp\/v2\/media?parent=21367"}],"curies":[{"name":"wp","href":"https:\/\/api.w.org\/{rel}","templated":true}]}}