{"id":35353,"date":"2023-07-25T11:32:28","date_gmt":"2023-07-25T09:32:28","guid":{"rendered":"https:\/\/canplast.ch\/legal-mentions\/"},"modified":"2023-07-25T12:15:40","modified_gmt":"2023-07-25T10:15:40","slug":"rechtliche-hinweise","status":"publish","type":"page","link":"https:\/\/canplast.ch\/de\/rechtliche-hinweise\/","title":{"rendered":"Rechtliche Hinweise"},"content":{"rendered":"<h2>Allgemeine Informationen<\/h2>\n<p>Dieses Dokument stellt die rechtliche Erkl\u00e4rung dar, die die Nutzung der Website https:\/\/canplast.ch (nachfolgend als &#8216;die Website&#8217; bezeichnet) regelt. Bitte lesen Sie diese rechtlichen Hinweise sorgf\u00e4ltig durch, bevor Sie die Website durchsuchen oder verwenden. Durch den Zugriff auf die Website oder deren Nutzung erkl\u00e4ren Sie sich mit diesen rechtlichen Hinweisen einverstanden. Wenn Sie diesen Bedingungen nicht zustimmen, nutzen Sie die Website bitte umgehend nicht weiter.<\/p>\n<h2>Website-Inhaber<\/h2>\n<p>Die Website geh\u00f6rt und wird betrieben von Canplast (nachfolgend als &#8216;der Inhaber&#8217; bezeichnet). Die Kontaktdaten des Inhabers lauten wie folgt:<\/p>\nCanplast\nZI Mont-de-Faux Route de Sullens 2 b, 1029 Villars-Sainte-Croix, Schweiz\nsuisseromande@canplast.ch\n<h2>Hosting<\/h2>\n<p>Die Website wird von Infomaniak (nachfolgend als &#8216;der Host&#8217; bezeichnet) gehostet. Die Kontaktdaten des Hosts lauten wie folgt:<\/p>\nInfomaniak\n<h2>Website-Inhalt<\/h2>\n<p>Alle Marken, Fotografien, Texte, Kommentare, Illustrationen, animierten oder nicht animierten Bilder, Videosequenzen, Kl\u00e4nge sowie alle Computeranwendungen, die zur Betreibung dieser Website verwendet werden k\u00f6nnen, und allgemeiner, alle auf der Website reproduzierten oder verwendeten Elemente sind durch die geltenden Gesetze zum geistigen Eigentum gesch\u00fctzt.<\/p>\n<p>Sie sind das vollst\u00e4ndige und ausschlie\u00dfliche Eigentum des Herausgebers oder seiner Partner. Jegliche Vervielf\u00e4ltigung, Darstellung, Nutzung oder Anpassung, in jeglicher Form, von Teilen oder dem gesamten Inhalt dieser Elemente, einschlie\u00dflich Computeranwendungen, ist ohne die vorherige schriftliche Zustimmung des Herausgebers strengstens untersagt. Dass der Herausgeber bei Kenntnis solcher unbefugter Verwendungen keine rechtlichen Schritte einleitet, stellt keine Akzeptanz dieser Verwendungen dar und verzichtet nicht auf das Recht, rechtliche Schritte einzuleiten.<\/p>\n<p>Der gesamte Inhalt dieser Website darf ohne vorherige schriftliche Zustimmung nicht verwendet und\/oder reproduziert werden. Die auf dieser Website erscheinenden Logos und Marken sind gesch\u00fctzt und d\u00fcrfen ohne Erlaubnis nicht reproduziert oder verwendet werden.<\/p>\n<p>Die Erstellung von Hypertext-Links zu dieser Website ist nur mit der vorherigen schriftlichen Zustimmung des Herausgebers gestattet, der jegliche Verantwortung f\u00fcr den Inhalt von Websites, die mit dieser Website verlinkt sind, ungeachtet ihrer Natur, ablehnt.<\/p>\n<h2>Personenbezogene Daten<\/h2>\n<p>Sie haben das Recht, auf die Sie betreffenden Daten zuzugreifen, sie zu berichtigen und zu l\u00f6schen. Sie k\u00f6nnen dieses Recht aus\u00fcben, indem Sie uns einen Brief an folgende Adresse senden: suisseromande@canplast.ch.<\/p>\n<h2>Geistiges Eigentum<\/h2>\n<p>Der gesamte Inhalt dieser Website ist Eigentum des Herausgebers und darf ohne vorherige schriftliche Zustimmung nicht verwendet und\/oder reproduziert werden. Die auf dieser Website erscheinenden Logos und Marken sind gesch\u00fctzt und d\u00fcrfen ohne Erlaubnis nicht reproduziert oder verwendet werden.<\/p>\n<p>Die Erstellung von Hypertext-Links zu dieser Website ist nur mit der vorherigen schriftlichen Zustimmung des Herausgebers gestattet, der jegliche Verantwortung f\u00fcr den Inhalt von Websites, die mit dieser Website verlinkt sind, ungeachtet ihrer Natur, ablehnt.<\/p>\n<h2>Cookies<\/h2>\n<p>Der Herausgeber beh\u00e4lt sich das Recht vor, beim Verbindungsaufbau Cookies an den Computer des Benutzers zu senden. Diese Cookies sind Dateien, die die Speicherung von Informationen im Zusammenhang mit dem Browsen des Computers auf der Website erm\u00f6glichen. Der Besucher kann der Speicherung von Cookies widersprechen, indem er seinen Computer entsprechend konfiguriert.<\/p>\n<h2>Verantwortung<\/h2>\nCanplast \u00fcbernimmt keine Verantwortung f\u00fcr die Nutzung der auf ihrer Website verbreiteten Informationen. Der Inhalt der Website kann technische Ungenauigkeiten, typografische Fehler oder Auslassungen enthalten. Dieser Inhalt kann ohne Vorank\u00fcndigung ge\u00e4ndert oder aktualisiert werden. Die potenziellen Hypertext-Links auf der Website, die Benutzer auf andere Websites weiterleiten, unterliegen nicht der Verantwortung des Eigent\u00fcmers f\u00fcr den Inhalt anderer Websites. Canplast haftet nicht f\u00fcr direkte oder indirekte Sch\u00e4den, die sich aus der Verbreitung eines Virus durch eine dritte Partei \u00fcber unsere Website ergeben k\u00f6nnten, der das Computersystem oder die Computerkonfiguration des Benutzers infizieren k\u00f6nnte, wenn er diese Website verbindet, nutzt, durchsucht oder von ihr herunterl\u00e4dt.<\/p>\n<p>Der Herausgeber haftet nicht im Falle eines Ausfalls, einer St\u00f6rung, einer Schwierigkeit oder einer Unterbrechung des Betriebs, die den Zugriff auf die Website oder eine ihrer Funktionen verhindert.<\/p>\n<p>Die Verbindung zur Website erfolgt auf eigene Gefahr. Sie m\u00fcssen alle geeigneten Ma\u00dfnahmen ergreifen, um Ihre Ausr\u00fcstung und Ihre eigenen Daten, insbesondere vor Internetvirenangriffen, zu sch\u00fctzen. Au\u00dferdem sind Sie allein verantwortlich f\u00fcr die Websites und Daten, auf die Sie zugreifen.<\/p>\n<p>Der Herausgeber kann nicht f\u00fcr rechtliche Ma\u00dfnahmen haftbar gemacht werden, die gegen Sie ergriffen werden:<\/p>\n<ul>\n<li>aufgrund der Nutzung der Website oder eines \u00fcber das Internet zug\u00e4nglichen Dienstes<\/li>\n<li>aufgrund Ihrer Nichteinhaltung dieser rechtlichen Hinweise<\/li>\n<\/ul>\n<p>Der Herausgeber haftet nicht f\u00fcr Sch\u00e4den, die Ihnen, Dritten und\/oder Ihrer Ausr\u00fcstung durch Ihre Verbindung oder Nutzung der Website entstehen, und Sie verzichten in diesem Zusammenhang auf jegliche Anspr\u00fcche gegen den Herausgeber.<\/p>\n<p>Falls der Herausgeber Gegenstand eines einvernehmlichen oder rechtlichen Verfahrens aufgrund Ihrer Nutzung der Website wird, kann der Herausgeber von Ihnen eine Entsch\u00e4digung f\u00fcr alle Sch\u00e4den, Betr\u00e4ge, Verurteilungen und Kosten verlangen, die aus einem solchen Verfahren entstehen k\u00f6nnen.<\/p>\n<h2>Externe Links<\/h2>\n<p>Die Website kann Links zu Websites Dritter enthalten. Diese Links dienen nur zu Informationszwecken. Der Inhaber hat keine Kontrolle \u00fcber den Inhalt dieser Websites und lehnt jede Verantwortung f\u00fcr deren Inhalt, Genauigkeit oder Legalit\u00e4t ab. Die Aufnahme von Links zu Websites Dritter impliziert keine Zustimmung oder Verbindung zu diesen Websites.<\/p>\n<h2>\u00c4nderungen der rechtlichen Hinweise<\/h2>\n<p>Der Inhaber beh\u00e4lt sich das Recht vor, diese rechtlichen Hinweise jederzeit ohne vorherige Ank\u00fcndigung zu \u00e4ndern. Die \u00c4nderungen werden mit ihrer Ver\u00f6ffentlichung auf der Website wirksam. Es liegt in Ihrer Verantwortung, regelm\u00e4\u00dfig die rechtlichen Hinweise zu konsultieren, um \u00fcber etwaige \u00c4nderungen informiert zu bleiben.<\/p>\n<h2>Anwendbares Recht und Gerichtsstand<\/h2>\n<p>Diese rechtlichen Hinweise unterliegen den geltenden Gesetzen in Schweiz. Jede Streitigkeit, die sich aus der Nutzung der Website ergibt, unterliegt der ausschlie\u00dflichen Zust\u00e4ndigkeit der zust\u00e4ndigen Gerichte von Schweiz.<\/p>\n<p>Bei Fragen zu diesen rechtlichen Hinweisen kontaktieren Sie uns bitte unter der folgenden E-Mail-Adresse: suisseromande@canplast.ch.<\/p>\n<p>Letzte Aktualisierung: 25 July 2023.<\/p>\n","protected":false},"excerpt":{"rendered":"<p>Allgemeine Informationen Dieses Dokument stellt die rechtliche Erkl\u00e4rung dar, die die Nutzung der Website (nachfolgend als &#8216;die Website&#8217; bezeichnet) regelt. Bitte lesen Sie diese rechtlichen Hinweise sorgf\u00e4ltig durch, bevor Sie die Website durchsuchen oder verwenden. Durch den Zugriff auf die Website oder deren Nutzung erkl\u00e4ren Sie sich mit diesen rechtlichen Hinweisen einverstanden. Wenn Sie diesen<\/p>\n","protected":false},"author":1,"featured_media":0,"parent":0,"menu_order":0,"comment_status":"closed","ping_status":"closed","template":"","meta":{"_acf_changed":false,"footnotes":""},"acf":[],"yoast_head":"<!-- This site is optimized with the Yoast SEO plugin v22.4 - https:\/\/yoast.com\/wordpress\/plugins\/seo\/ -->\n<title>Rechtliche Hinweise - Canplast<\/title>\n<meta name=\"description\" content=\"Sehen Sie sich die rechtlichen Hinweise von Canplast\" \/>\n<meta name=\"robots\" content=\"index, follow, max-snippet:-1, max-image-preview:large, max-video-preview:-1\" \/>\n<link rel=\"canonical\" href=\"https:\/\/canplast.ch\/de\/rechtliche-hinweise\/\" \/>\n<meta property=\"og:locale\" content=\"de_DE\" \/>\n<meta property=\"og:type\" content=\"article\" \/>\n<meta property=\"og:title\" content=\"Rechtliche Hinweise - Canplast\" \/>\n<meta property=\"og:description\" content=\"Sehen Sie sich die rechtlichen Hinweise von Canplast\" \/>\n<meta property=\"og:url\" content=\"https:\/\/canplast.ch\/de\/rechtliche-hinweise\/\" \/>\n<meta property=\"og:site_name\" content=\"Canplast\" \/>\n<meta property=\"article:publisher\" content=\"https:\/\/www.facebook.com\/canplastsa\" \/>\n<meta property=\"article:modified_time\" content=\"2023-07-25T10:15:40+00:00\" \/>\n<meta property=\"og:image\" content=\"https:\/\/canplast.ch\/wp-content\/uploads\/2017\/11\/Galerie-87-30092015-DSC_8744.jpg\" \/>\n\t<meta property=\"og:image:width\" content=\"1198\" \/>\n\t<meta property=\"og:image:height\" content=\"800\" \/>\n\t<meta property=\"og:image:type\" content=\"image\/jpeg\" \/>\n<meta name=\"twitter:card\" content=\"summary_large_image\" \/>\n<meta name=\"twitter:site\" content=\"@canplastsa\" \/>\n<meta name=\"twitter:label1\" content=\"Est. reading time\" \/>\n\t<meta name=\"twitter:data1\" content=\"5 minutes\" \/>\n<script type=\"application\/ld+json\" class=\"yoast-schema-graph\">{\"@context\":\"https:\/\/schema.org\",\"@graph\":[{\"@type\":\"WebPage\",\"@id\":\"https:\/\/canplast.ch\/de\/rechtliche-hinweise\/\",\"url\":\"https:\/\/canplast.ch\/de\/rechtliche-hinweise\/\",\"name\":\"Rechtliche Hinweise - Canplast\",\"isPartOf\":{\"@id\":\"https:\/\/canplast.ch\/de\/#website\"},\"datePublished\":\"2023-07-25T09:32:28+00:00\",\"dateModified\":\"2023-07-25T10:15:40+00:00\",\"description\":\"Sehen Sie sich die rechtlichen Hinweise von Canplast\",\"breadcrumb\":{\"@id\":\"https:\/\/canplast.ch\/de\/rechtliche-hinweise\/#breadcrumb\"},\"inLanguage\":\"de-DE\",\"potentialAction\":[{\"@type\":\"ReadAction\",\"target\":[\"https:\/\/canplast.ch\/de\/rechtliche-hinweise\/\"]}]},{\"@type\":\"BreadcrumbList\",\"@id\":\"https:\/\/canplast.ch\/de\/rechtliche-hinweise\/#breadcrumb\",\"itemListElement\":[{\"@type\":\"ListItem\",\"position\":1,\"name\":\"Accueil\",\"item\":\"https:\/\/canplast.ch\/de\/\"},{\"@type\":\"ListItem\",\"position\":2,\"name\":\"Rechtliche Hinweise\"}]},{\"@type\":\"WebSite\",\"@id\":\"https:\/\/canplast.ch\/de\/#website\",\"url\":\"https:\/\/canplast.ch\/de\/\",\"name\":\"Canplast\",\"description\":\"\",\"publisher\":{\"@id\":\"https:\/\/canplast.ch\/de\/#organization\"},\"potentialAction\":[{\"@type\":\"SearchAction\",\"target\":{\"@type\":\"EntryPoint\",\"urlTemplate\":\"https:\/\/canplast.ch\/de\/?s={search_term_string}\"},\"query-input\":\"required name=search_term_string\"}],\"inLanguage\":\"de-DE\"},{\"@type\":\"Organization\",\"@id\":\"https:\/\/canplast.ch\/de\/#organization\",\"name\":\"Canplast SA\",\"url\":\"https:\/\/canplast.ch\/de\/\",\"logo\":{\"@type\":\"ImageObject\",\"inLanguage\":\"de-DE\",\"@id\":\"https:\/\/canplast.ch\/de\/#\/schema\/logo\/image\/\",\"url\":\"https:\/\/canplast.ch\/wp-content\/uploads\/2018\/05\/canplast-logo.png\",\"contentUrl\":\"https:\/\/canplast.ch\/wp-content\/uploads\/2018\/05\/canplast-logo.png\",\"width\":390,\"height\":109,\"caption\":\"Canplast SA\"},\"image\":{\"@id\":\"https:\/\/canplast.ch\/de\/#\/schema\/logo\/image\/\"},\"sameAs\":[\"https:\/\/www.facebook.com\/canplastsa\",\"https:\/\/twitter.com\/canplastsa\",\"https:\/\/www.linkedin.com\/company\/canplast-sa\/\",\"https:\/\/www.youtube.com\/channel\/UCwP02tb_1k45IQ0hBj-jdOg\/feed\"]}]}<\/script>\n<!-- \/ Yoast SEO plugin. -->","yoast_head_json":{"title":"Rechtliche Hinweise - Canplast","description":"Sehen Sie sich die rechtlichen Hinweise von Canplast","robots":{"index":"index","follow":"follow","max-snippet":"max-snippet:-1","max-image-preview":"max-image-preview:large","max-video-preview":"max-video-preview:-1"},"canonical":"https:\/\/canplast.ch\/de\/rechtliche-hinweise\/","og_locale":"de_DE","og_type":"article","og_title":"Rechtliche Hinweise - Canplast","og_description":"Sehen Sie sich die rechtlichen Hinweise von Canplast","og_url":"https:\/\/canplast.ch\/de\/rechtliche-hinweise\/","og_site_name":"Canplast","article_publisher":"https:\/\/www.facebook.com\/canplastsa","article_modified_time":"2023-07-25T10:15:40+00:00","og_image":[{"width":1198,"height":800,"url":"https:\/\/canplast.ch\/wp-content\/uploads\/2017\/11\/Galerie-87-30092015-DSC_8744.jpg","type":"image\/jpeg"}],"twitter_card":"summary_large_image","twitter_site":"@canplastsa","twitter_misc":{"Est. reading time":"5 minutes"},"schema":{"@context":"https:\/\/schema.org","@graph":[{"@type":"WebPage","@id":"https:\/\/canplast.ch\/de\/rechtliche-hinweise\/","url":"https:\/\/canplast.ch\/de\/rechtliche-hinweise\/","name":"Rechtliche Hinweise - Canplast","isPartOf":{"@id":"https:\/\/canplast.ch\/de\/#website"},"datePublished":"2023-07-25T09:32:28+00:00","dateModified":"2023-07-25T10:15:40+00:00","description":"Sehen Sie sich die rechtlichen Hinweise von Canplast","breadcrumb":{"@id":"https:\/\/canplast.ch\/de\/rechtliche-hinweise\/#breadcrumb"},"inLanguage":"de-DE","potentialAction":[{"@type":"ReadAction","target":["https:\/\/canplast.ch\/de\/rechtliche-hinweise\/"]}]},{"@type":"BreadcrumbList","@id":"https:\/\/canplast.ch\/de\/rechtliche-hinweise\/#breadcrumb","itemListElement":[{"@type":"ListItem","position":1,"name":"Accueil","item":"https:\/\/canplast.ch\/de\/"},{"@type":"ListItem","position":2,"name":"Rechtliche Hinweise"}]},{"@type":"WebSite","@id":"https:\/\/canplast.ch\/de\/#website","url":"https:\/\/canplast.ch\/de\/","name":"Canplast","description":"","publisher":{"@id":"https:\/\/canplast.ch\/de\/#organization"},"potentialAction":[{"@type":"SearchAction","target":{"@type":"EntryPoint","urlTemplate":"https:\/\/canplast.ch\/de\/?s={search_term_string}"},"query-input":"required name=search_term_string"}],"inLanguage":"de-DE"},{"@type":"Organization","@id":"https:\/\/canplast.ch\/de\/#organization","name":"Canplast SA","url":"https:\/\/canplast.ch\/de\/","logo":{"@type":"ImageObject","inLanguage":"de-DE","@id":"https:\/\/canplast.ch\/de\/#\/schema\/logo\/image\/","url":"https:\/\/canplast.ch\/wp-content\/uploads\/2018\/05\/canplast-logo.png","contentUrl":"https:\/\/canplast.ch\/wp-content\/uploads\/2018\/05\/canplast-logo.png","width":390,"height":109,"caption":"Canplast SA"},"image":{"@id":"https:\/\/canplast.ch\/de\/#\/schema\/logo\/image\/"},"sameAs":["https:\/\/www.facebook.com\/canplastsa","https:\/\/twitter.com\/canplastsa","https:\/\/www.linkedin.com\/company\/canplast-sa\/","https:\/\/www.youtube.com\/channel\/UCwP02tb_1k45IQ0hBj-jdOg\/feed"]}]}},"_links":{"self":[{"href":"https:\/\/canplast.ch\/de\/wp-json\/wp\/v2\/pages\/35353"}],"collection":[{"href":"https:\/\/canplast.ch\/de\/wp-json\/wp\/v2\/pages"}],"about":[{"href":"https:\/\/canplast.ch\/de\/wp-json\/wp\/v2\/types\/page"}],"author":[{"embeddable":true,"href":"https:\/\/canplast.ch\/de\/wp-json\/wp\/v2\/users\/1"}],"replies":[{"embeddable":true,"href":"https:\/\/canplast.ch\/de\/wp-json\/wp\/v2\/comments?post=35353"}],"version-history":[{"count":4,"href":"https:\/\/canplast.ch\/de\/wp-json\/wp\/v2\/pages\/35353\/revisions"}],"predecessor-version":[{"id":35376,"href":"https:\/\/canplast.ch\/de\/wp-json\/wp\/v2\/pages\/35353\/revisions\/35376"}],"wp:attachment":[{"href":"https:\/\/canplast.ch\/de\/wp-json\/wp\/v2\/media?parent=35353"}],"curies":[{"name":"wp","href":"https:\/\/api.w.org\/{rel}","templated":true}]}}